{"id":11,"date":"2024-06-10T17:38:37","date_gmt":"2024-06-10T20:38:37","guid":{"rendered":"https:\/\/kydelicia.com\/?page_id=11"},"modified":"2025-10-13T09:51:55","modified_gmt":"2025-10-13T12:51:55","slug":"minhas-especialidades","status":"publish","type":"page","link":"https:\/\/meusite.tec.br\/medicina\/minhas-especialidades\/","title":{"rendered":"Especialidades"},"content":{"rendered":"\t\t<div data-elementor-type=\"wp-page\" data-elementor-id=\"11\" class=\"elementor elementor-11\" data-elementor-post-type=\"page\">\n\t\t\t\t<div class=\"elementor-element elementor-element-8eee649 e-flex e-con-boxed e-con e-parent\" data-id=\"8eee649\" data-element_type=\"container\" data-settings=\"{&quot;background_background&quot;:&quot;classic&quot;}\">\n\t\t\t\t\t<div class=\"e-con-inner\">\n\t\t\t\t<div class=\"elementor-element elementor-element-489d66e elementor-widget elementor-widget-heading\" data-id=\"489d66e\" data-element_type=\"widget\" data-widget_type=\"heading.default\">\n\t\t\t\t<div class=\"elementor-widget-container\">\n\t\t\t\t\t<h2 class=\"elementor-heading-title elementor-size-default\">Minhas Especialidades em Endocrinologia<\/h2>\t\t\t\t<\/div>\n\t\t\t\t<\/div>\n\t\t\t\t<div class=\"elementor-element elementor-element-7598b87 elementor-align-center elementor-icon-list--layout-traditional elementor-list-item-link-full_width elementor-widget elementor-widget-icon-list\" data-id=\"7598b87\" data-element_type=\"widget\" data-widget_type=\"icon-list.default\">\n\t\t\t\t<div class=\"elementor-widget-container\">\n\t\t\t\t\t\t\t<ul class=\"elementor-icon-list-items\">\n\t\t\t\t\t\t\t<li class=\"elementor-icon-list-item\">\n\t\t\t\t\t\t\t\t\t\t\t<span class=\"elementor-icon-list-icon\">\n\t\t\t\t\t\t\t<svg xmlns=\"http:\/\/www.w3.org\/2000\/svg\" xmlns:xlink=\"http:\/\/www.w3.org\/1999\/xlink\" id=\"Capa_1\" x=\"0px\" y=\"0px\" width=\"443.771px\" height=\"443.772px\" viewBox=\"0 0 443.771 443.772\" style=\"enable-background:new 0 0 443.771 443.772;\" xml:space=\"preserve\"><g>\t<g id=\"Layer_3\">\t\t<g>\t\t\t<path d=\"M163.073,3.459C140.557,125.764,122.304,144.016,0,166.532c122.305,22.516,140.557,40.768,163.073,163.073    c22.516-122.305,40.768-140.557,163.073-163.073C203.841,144.016,185.588,125.764,163.073,3.459z\"><\/path>\t\t\t<path d=\"M340.064,232.896c-14.318,77.781-25.928,89.39-103.708,103.708c77.78,14.319,89.39,25.928,103.708,103.708    c14.318-77.78,25.928-89.39,103.707-103.708C365.99,322.286,354.383,310.677,340.064,232.896z\"><\/path>\t\t<\/g>\t<\/g><\/g><g><\/g><g><\/g><g><\/g><g><\/g><g><\/g><g><\/g><g><\/g><g><\/g><g><\/g><g><\/g><g><\/g><g><\/g><g><\/g><g><\/g><g><\/g><\/svg>\t\t\t\t\t\t<\/span>\n\t\t\t\t\t\t\t\t\t\t<span class=\"elementor-icon-list-text\">Alcance seus objetivos de forma saud\u00e1vel e sustent\u00e1vel<\/span>\n\t\t\t\t\t\t\t\t\t<\/li>\n\t\t\t\t\t\t<\/ul>\n\t\t\t\t\t\t<\/div>\n\t\t\t\t<\/div>\n\t\t\t\t\t<\/div>\n\t\t\t\t<\/div>\n\t\t<div class=\"elementor-element elementor-element-87c1a47 e-flex e-con-boxed e-con e-parent\" data-id=\"87c1a47\" data-element_type=\"container\">\n\t\t\t\t\t<div class=\"e-con-inner\">\n\t\t\t\t<div class=\"elementor-element elementor-element-cb4dc86 animated-slow elementor-grid-3 elementor-grid-tablet-2 elementor-grid-mobile-1 elementor-posts--thumbnail-top elementor-card-shadow-yes elementor-posts__hover-gradient elementor-invisible elementor-widget elementor-widget-posts\" data-id=\"cb4dc86\" data-element_type=\"widget\" data-settings=\"{&quot;_animation&quot;:&quot;fadeIn&quot;,&quot;cards_columns&quot;:&quot;3&quot;,&quot;cards_columns_tablet&quot;:&quot;2&quot;,&quot;cards_columns_mobile&quot;:&quot;1&quot;,&quot;cards_row_gap&quot;:{&quot;unit&quot;:&quot;px&quot;,&quot;size&quot;:35,&quot;sizes&quot;:[]},&quot;cards_row_gap_tablet&quot;:{&quot;unit&quot;:&quot;px&quot;,&quot;size&quot;:&quot;&quot;,&quot;sizes&quot;:[]},&quot;cards_row_gap_mobile&quot;:{&quot;unit&quot;:&quot;px&quot;,&quot;size&quot;:&quot;&quot;,&quot;sizes&quot;:[]}}\" data-widget_type=\"posts.cards\">\n\t\t\t\t<div class=\"elementor-widget-container\">\n\t\t\t\t\t\t\t<div class=\"elementor-posts-container elementor-posts elementor-posts--skin-cards elementor-grid\" role=\"list\">\n\t\t\t\t<article class=\"elementor-post elementor-grid-item post-662 post type-post status-publish format-standard has-post-thumbnail hentry category-menopausa\" role=\"listitem\">\n\t\t\t<div class=\"elementor-post__card\">\n\t\t\t\t<a class=\"elementor-post__thumbnail__link\" href=\"https:\/\/meusite.tec.br\/medicina\/menopausa\/\" tabindex=\"-1\" ><div class=\"elementor-post__thumbnail\"><img fetchpriority=\"high\" decoding=\"async\" width=\"1380\" height=\"920\" src=\"https:\/\/meusite.tec.br\/medicina\/wp-content\/uploads\/2024\/06\/expressive-senior-female-posing-indoor_344912-412.jpg\" class=\"attachment-full size-full wp-image-672\" alt=\"\" srcset=\"https:\/\/meusite.tec.br\/medicina\/wp-content\/uploads\/2024\/06\/expressive-senior-female-posing-indoor_344912-412.jpg 1380w, https:\/\/meusite.tec.br\/medicina\/wp-content\/uploads\/2024\/06\/expressive-senior-female-posing-indoor_344912-412-300x200.jpg 300w, https:\/\/meusite.tec.br\/medicina\/wp-content\/uploads\/2024\/06\/expressive-senior-female-posing-indoor_344912-412-1024x683.jpg 1024w, https:\/\/meusite.tec.br\/medicina\/wp-content\/uploads\/2024\/06\/expressive-senior-female-posing-indoor_344912-412-768x512.jpg 768w\" sizes=\"(max-width: 1380px) 100vw, 1380px\" \/><\/div><\/a>\n\t\t\t\t<div class=\"elementor-post__badge\">Menopausa<\/div>\n\t\t\t\t<div class=\"elementor-post__text\">\n\t\t\t\t<h3 class=\"elementor-post__title\">\n\t\t\t<a href=\"https:\/\/meusite.tec.br\/medicina\/menopausa\/\" >\n\t\t\t\tMenopausa\t\t\t<\/a>\n\t\t<\/h3>\n\t\t\t\t<div class=\"elementor-post__excerpt\">\n\t\t\t<p>Menopausa: Suporte Integral para uma Nova Fase de Vida A menopausa \u00e9 uma fase natural na vida de todas as mulheres, marcada por mudan\u00e7as hormonais<\/p>\n\t\t<\/div>\n\t\t\n\t\t<a class=\"elementor-post__read-more\" href=\"https:\/\/meusite.tec.br\/medicina\/menopausa\/\" aria-label=\"Leia mais sobre Menopausa\" tabindex=\"-1\" >\n\t\t\tLeia mais \u00bb\t\t<\/a>\n\n\t\t\t\t<\/div>\n\t\t\t\t\t<\/div>\n\t\t<\/article>\n\t\t\t\t<article class=\"elementor-post elementor-grid-item post-660 post type-post status-publish format-standard has-post-thumbnail hentry category-queixas-intestinais\" role=\"listitem\">\n\t\t\t<div class=\"elementor-post__card\">\n\t\t\t\t<a class=\"elementor-post__thumbnail__link\" href=\"https:\/\/meusite.tec.br\/medicina\/queixas-intestinais\/\" tabindex=\"-1\" ><div class=\"elementor-post__thumbnail\"><img decoding=\"async\" width=\"1380\" height=\"920\" src=\"https:\/\/meusite.tec.br\/medicina\/wp-content\/uploads\/2024\/06\/young-brunette-woman-standing-blue-background-with-hand-stomach-because-indigestion-painful-illness-feeling-unwell-ache-concept_839833-13927.avif\" class=\"attachment-full size-full wp-image-671\" alt=\"\" srcset=\"https:\/\/meusite.tec.br\/medicina\/wp-content\/uploads\/2024\/06\/young-brunette-woman-standing-blue-background-with-hand-stomach-because-indigestion-painful-illness-feeling-unwell-ache-concept_839833-13927.avif 1380w, https:\/\/meusite.tec.br\/medicina\/wp-content\/uploads\/2024\/06\/young-brunette-woman-standing-blue-background-with-hand-stomach-because-indigestion-painful-illness-feeling-unwell-ache-concept_839833-13927-300x200.avif 300w, https:\/\/meusite.tec.br\/medicina\/wp-content\/uploads\/2024\/06\/young-brunette-woman-standing-blue-background-with-hand-stomach-because-indigestion-painful-illness-feeling-unwell-ache-concept_839833-13927-1024x683.avif 1024w, https:\/\/meusite.tec.br\/medicina\/wp-content\/uploads\/2024\/06\/young-brunette-woman-standing-blue-background-with-hand-stomach-because-indigestion-painful-illness-feeling-unwell-ache-concept_839833-13927-768x512.avif 768w\" sizes=\"(max-width: 1380px) 100vw, 1380px\" \/><\/div><\/a>\n\t\t\t\t<div class=\"elementor-post__badge\">Queixas Intestinais<\/div>\n\t\t\t\t<div class=\"elementor-post__text\">\n\t\t\t\t<h3 class=\"elementor-post__title\">\n\t\t\t<a href=\"https:\/\/meusite.tec.br\/medicina\/queixas-intestinais\/\" >\n\t\t\t\tQueixas Intestinais\t\t\t<\/a>\n\t\t<\/h3>\n\t\t\t\t<div class=\"elementor-post__excerpt\">\n\t\t\t<p>Sa\u00fade Intestinal: Tratamento de Queixas Intestinais Problemas intestinais como constipa\u00e7\u00e3o, s\u00edndrome do intestino irrit\u00e1vel e disbiose podem afetar seriamente sua qualidade de vida. Em nossa<\/p>\n\t\t<\/div>\n\t\t\n\t\t<a class=\"elementor-post__read-more\" href=\"https:\/\/meusite.tec.br\/medicina\/queixas-intestinais\/\" aria-label=\"Leia mais sobre Queixas Intestinais\" tabindex=\"-1\" >\n\t\t\tLeia mais \u00bb\t\t<\/a>\n\n\t\t\t\t<\/div>\n\t\t\t\t\t<\/div>\n\t\t<\/article>\n\t\t\t\t<article class=\"elementor-post elementor-grid-item post-658 post type-post status-publish format-standard has-post-thumbnail hentry category-hipertrofia-muscular\" role=\"listitem\">\n\t\t\t<div class=\"elementor-post__card\">\n\t\t\t\t<a class=\"elementor-post__thumbnail__link\" href=\"https:\/\/meusite.tec.br\/medicina\/hipertrofia-muscular\/\" tabindex=\"-1\" ><div class=\"elementor-post__thumbnail\"><img decoding=\"async\" width=\"1380\" height=\"920\" src=\"https:\/\/meusite.tec.br\/medicina\/wp-content\/uploads\/2024\/06\/athletic-man-woman-with-dumbbells_155003-11801.jpg\" class=\"attachment-full size-full wp-image-670\" alt=\"\" srcset=\"https:\/\/meusite.tec.br\/medicina\/wp-content\/uploads\/2024\/06\/athletic-man-woman-with-dumbbells_155003-11801.jpg 1380w, https:\/\/meusite.tec.br\/medicina\/wp-content\/uploads\/2024\/06\/athletic-man-woman-with-dumbbells_155003-11801-300x200.jpg 300w, https:\/\/meusite.tec.br\/medicina\/wp-content\/uploads\/2024\/06\/athletic-man-woman-with-dumbbells_155003-11801-1024x683.jpg 1024w, https:\/\/meusite.tec.br\/medicina\/wp-content\/uploads\/2024\/06\/athletic-man-woman-with-dumbbells_155003-11801-768x512.jpg 768w\" sizes=\"(max-width: 1380px) 100vw, 1380px\" \/><\/div><\/a>\n\t\t\t\t<div class=\"elementor-post__badge\">Hipertrofia Muscular<\/div>\n\t\t\t\t<div class=\"elementor-post__text\">\n\t\t\t\t<h3 class=\"elementor-post__title\">\n\t\t\t<a href=\"https:\/\/meusite.tec.br\/medicina\/hipertrofia-muscular\/\" >\n\t\t\t\tHipertrofia Muscular\t\t\t<\/a>\n\t\t<\/h3>\n\t\t\t\t<div class=\"elementor-post__excerpt\">\n\t\t\t<p>Constru\u00e7\u00e3o Muscular Saud\u00e1vel: Abordagem Integrada para Hipertrofia A hipertrofia muscular n\u00e3o \u00e9 apenas para atletas; \u00e9 uma meta de sa\u00fade para todos que desejam melhorar<\/p>\n\t\t<\/div>\n\t\t\n\t\t<a class=\"elementor-post__read-more\" href=\"https:\/\/meusite.tec.br\/medicina\/hipertrofia-muscular\/\" aria-label=\"Leia mais sobre Hipertrofia Muscular\" tabindex=\"-1\" >\n\t\t\tLeia mais \u00bb\t\t<\/a>\n\n\t\t\t\t<\/div>\n\t\t\t\t\t<\/div>\n\t\t<\/article>\n\t\t\t\t<article class=\"elementor-post elementor-grid-item post-652 post type-post status-publish format-standard has-post-thumbnail hentry category-reposicoes-nutricionais\" role=\"listitem\">\n\t\t\t<div class=\"elementor-post__card\">\n\t\t\t\t<a class=\"elementor-post__thumbnail__link\" href=\"https:\/\/meusite.tec.br\/medicina\/reposicoes-nutricionais\/\" tabindex=\"-1\" ><div class=\"elementor-post__thumbnail\"><img loading=\"lazy\" decoding=\"async\" width=\"1380\" height=\"920\" src=\"https:\/\/meusite.tec.br\/medicina\/wp-content\/uploads\/2024\/06\/view-healthy-food-incased-pill-shaped-container_23-2151344846.jpg\" class=\"attachment-full size-full wp-image-669\" alt=\"\" srcset=\"https:\/\/meusite.tec.br\/medicina\/wp-content\/uploads\/2024\/06\/view-healthy-food-incased-pill-shaped-container_23-2151344846.jpg 1380w, https:\/\/meusite.tec.br\/medicina\/wp-content\/uploads\/2024\/06\/view-healthy-food-incased-pill-shaped-container_23-2151344846-300x200.jpg 300w, https:\/\/meusite.tec.br\/medicina\/wp-content\/uploads\/2024\/06\/view-healthy-food-incased-pill-shaped-container_23-2151344846-1024x683.jpg 1024w, https:\/\/meusite.tec.br\/medicina\/wp-content\/uploads\/2024\/06\/view-healthy-food-incased-pill-shaped-container_23-2151344846-768x512.jpg 768w\" sizes=\"(max-width: 1380px) 100vw, 1380px\" \/><\/div><\/a>\n\t\t\t\t<div class=\"elementor-post__badge\">Reposi\u00e7\u00f5es Nutricionais<\/div>\n\t\t\t\t<div class=\"elementor-post__text\">\n\t\t\t\t<h3 class=\"elementor-post__title\">\n\t\t\t<a href=\"https:\/\/meusite.tec.br\/medicina\/reposicoes-nutricionais\/\" >\n\t\t\t\tReposi\u00e7\u00f5es Nutricionais\t\t\t<\/a>\n\t\t<\/h3>\n\t\t\t\t<div class=\"elementor-post__excerpt\">\n\t\t\t<p>Nutri\u00e7\u00e3o Otimizada: Reposi\u00e7\u00f5es Nutricionais para uma Vida Saud\u00e1vel A alimenta\u00e7\u00e3o adequada \u00e9 a base para uma boa sa\u00fade, mas muitas vezes, nosso corpo precisa de<\/p>\n\t\t<\/div>\n\t\t\n\t\t<a class=\"elementor-post__read-more\" href=\"https:\/\/meusite.tec.br\/medicina\/reposicoes-nutricionais\/\" aria-label=\"Leia mais sobre Reposi\u00e7\u00f5es Nutricionais\" tabindex=\"-1\" >\n\t\t\tLeia mais \u00bb\t\t<\/a>\n\n\t\t\t\t<\/div>\n\t\t\t\t\t<\/div>\n\t\t<\/article>\n\t\t\t\t<article class=\"elementor-post elementor-grid-item post-653 post type-post status-publish format-standard has-post-thumbnail hentry category-longevidade-saudavel\" role=\"listitem\">\n\t\t\t<div class=\"elementor-post__card\">\n\t\t\t\t<a class=\"elementor-post__thumbnail__link\" href=\"https:\/\/meusite.tec.br\/medicina\/longevidade-saudavel\/\" tabindex=\"-1\" ><div class=\"elementor-post__thumbnail\"><img loading=\"lazy\" decoding=\"async\" width=\"1380\" height=\"920\" src=\"https:\/\/meusite.tec.br\/medicina\/wp-content\/uploads\/2024\/06\/medium-shot-happy-man-with-long-arms_23-2148247136.avif\" class=\"attachment-full size-full wp-image-667\" alt=\"\" srcset=\"https:\/\/meusite.tec.br\/medicina\/wp-content\/uploads\/2024\/06\/medium-shot-happy-man-with-long-arms_23-2148247136.avif 1380w, https:\/\/meusite.tec.br\/medicina\/wp-content\/uploads\/2024\/06\/medium-shot-happy-man-with-long-arms_23-2148247136-300x200.avif 300w, https:\/\/meusite.tec.br\/medicina\/wp-content\/uploads\/2024\/06\/medium-shot-happy-man-with-long-arms_23-2148247136-1024x683.avif 1024w, https:\/\/meusite.tec.br\/medicina\/wp-content\/uploads\/2024\/06\/medium-shot-happy-man-with-long-arms_23-2148247136-768x512.avif 768w\" sizes=\"(max-width: 1380px) 100vw, 1380px\" \/><\/div><\/a>\n\t\t\t\t<div class=\"elementor-post__badge\">Longevidade Saud\u00e1vel<\/div>\n\t\t\t\t<div class=\"elementor-post__text\">\n\t\t\t\t<h3 class=\"elementor-post__title\">\n\t\t\t<a href=\"https:\/\/meusite.tec.br\/medicina\/longevidade-saudavel\/\" >\n\t\t\t\tLongevidade Saud\u00e1vel\t\t\t<\/a>\n\t\t<\/h3>\n\t\t\t\t<div class=\"elementor-post__excerpt\">\n\t\t\t<p>Viva Mais e Melhor: Estrat\u00e9gias para Longevidade Saud\u00e1vel A busca pela longevidade saud\u00e1vel envolve mais do que apenas viver mais anos; trata-se de viver com<\/p>\n\t\t<\/div>\n\t\t\n\t\t<a class=\"elementor-post__read-more\" href=\"https:\/\/meusite.tec.br\/medicina\/longevidade-saudavel\/\" aria-label=\"Leia mais sobre Longevidade Saud\u00e1vel\" tabindex=\"-1\" >\n\t\t\tLeia mais \u00bb\t\t<\/a>\n\n\t\t\t\t<\/div>\n\t\t\t\t\t<\/div>\n\t\t<\/article>\n\t\t\t\t<article class=\"elementor-post elementor-grid-item post-654 post type-post status-publish format-standard has-post-thumbnail hentry category-terapias-hormonais\" role=\"listitem\">\n\t\t\t<div class=\"elementor-post__card\">\n\t\t\t\t<a class=\"elementor-post__thumbnail__link\" href=\"https:\/\/meusite.tec.br\/medicina\/terapias-hormonais\/\" tabindex=\"-1\" ><div class=\"elementor-post__thumbnail\"><img loading=\"lazy\" decoding=\"async\" width=\"1380\" height=\"915\" src=\"https:\/\/meusite.tec.br\/medicina\/wp-content\/uploads\/2024\/06\/high-angle-pills-calendar_23-2149080581.jpg\" class=\"attachment-full size-full wp-image-666\" alt=\"\" srcset=\"https:\/\/meusite.tec.br\/medicina\/wp-content\/uploads\/2024\/06\/high-angle-pills-calendar_23-2149080581.jpg 1380w, https:\/\/meusite.tec.br\/medicina\/wp-content\/uploads\/2024\/06\/high-angle-pills-calendar_23-2149080581-300x199.jpg 300w, https:\/\/meusite.tec.br\/medicina\/wp-content\/uploads\/2024\/06\/high-angle-pills-calendar_23-2149080581-1024x679.jpg 1024w, https:\/\/meusite.tec.br\/medicina\/wp-content\/uploads\/2024\/06\/high-angle-pills-calendar_23-2149080581-768x509.jpg 768w\" sizes=\"(max-width: 1380px) 100vw, 1380px\" \/><\/div><\/a>\n\t\t\t\t<div class=\"elementor-post__badge\">Terapias Hormonais<\/div>\n\t\t\t\t<div class=\"elementor-post__text\">\n\t\t\t\t<h3 class=\"elementor-post__title\">\n\t\t\t<a href=\"https:\/\/meusite.tec.br\/medicina\/terapias-hormonais\/\" >\n\t\t\t\tTerapias Hormonais\t\t\t<\/a>\n\t\t<\/h3>\n\t\t\t\t<div class=\"elementor-post__excerpt\">\n\t\t\t<p>Equil\u00edbrio Hormonal: Terapias Hormonais Personalizadas O equil\u00edbrio hormonal \u00e9 essencial para o funcionamento adequado do corpo e para o bem-estar geral. Dist\u00farbios hormonais podem causar<\/p>\n\t\t<\/div>\n\t\t\n\t\t<a class=\"elementor-post__read-more\" href=\"https:\/\/meusite.tec.br\/medicina\/terapias-hormonais\/\" aria-label=\"Leia mais sobre Terapias Hormonais\" tabindex=\"-1\" >\n\t\t\tLeia mais \u00bb\t\t<\/a>\n\n\t\t\t\t<\/div>\n\t\t\t\t\t<\/div>\n\t\t<\/article>\n\t\t\t\t<article class=\"elementor-post elementor-grid-item post-643 post type-post status-publish format-standard has-post-thumbnail hentry category-perda-capilar\" role=\"listitem\">\n\t\t\t<div class=\"elementor-post__card\">\n\t\t\t\t<a class=\"elementor-post__thumbnail__link\" href=\"https:\/\/meusite.tec.br\/medicina\/perda-capilar-mmp\/\" tabindex=\"-1\" ><div class=\"elementor-post__thumbnail\"><img loading=\"lazy\" decoding=\"async\" width=\"1380\" height=\"918\" src=\"https:\/\/meusite.tec.br\/medicina\/wp-content\/uploads\/2024\/06\/female-with-tangled-hair_23-2148547380.avif\" class=\"attachment-full size-full wp-image-665\" alt=\"\" srcset=\"https:\/\/meusite.tec.br\/medicina\/wp-content\/uploads\/2024\/06\/female-with-tangled-hair_23-2148547380.avif 1380w, https:\/\/meusite.tec.br\/medicina\/wp-content\/uploads\/2024\/06\/female-with-tangled-hair_23-2148547380-300x200.avif 300w, https:\/\/meusite.tec.br\/medicina\/wp-content\/uploads\/2024\/06\/female-with-tangled-hair_23-2148547380-1024x681.avif 1024w, https:\/\/meusite.tec.br\/medicina\/wp-content\/uploads\/2024\/06\/female-with-tangled-hair_23-2148547380-768x511.avif 768w\" sizes=\"(max-width: 1380px) 100vw, 1380px\" \/><\/div><\/a>\n\t\t\t\t<div class=\"elementor-post__badge\">Perda Capilar<\/div>\n\t\t\t\t<div class=\"elementor-post__text\">\n\t\t\t\t<h3 class=\"elementor-post__title\">\n\t\t\t<a href=\"https:\/\/meusite.tec.br\/medicina\/perda-capilar-mmp\/\" >\n\t\t\t\tPerda Capilar (MMP)\t\t\t<\/a>\n\t\t<\/h3>\n\t\t\t\t<div class=\"elementor-post__excerpt\">\n\t\t\t<p>Microinfus\u00e3o de Medicamentos na Pele (MMP): Combatendo a Perda Capilar A perda capilar pode afetar a autoestima e a confian\u00e7a de qualquer pessoa. A Microinfus\u00e3o<\/p>\n\t\t<\/div>\n\t\t\n\t\t<a class=\"elementor-post__read-more\" href=\"https:\/\/meusite.tec.br\/medicina\/perda-capilar-mmp\/\" aria-label=\"Leia mais sobre Perda Capilar (MMP)\" tabindex=\"-1\" >\n\t\t\tLeia mais \u00bb\t\t<\/a>\n\n\t\t\t\t<\/div>\n\t\t\t\t\t<\/div>\n\t\t<\/article>\n\t\t\t\t<article class=\"elementor-post elementor-grid-item post-642 post type-post status-publish format-standard has-post-thumbnail hentry category-diabetes\" role=\"listitem\">\n\t\t\t<div class=\"elementor-post__card\">\n\t\t\t\t<a class=\"elementor-post__thumbnail__link\" href=\"https:\/\/meusite.tec.br\/medicina\/diabetes\/\" tabindex=\"-1\" ><div class=\"elementor-post__thumbnail\"><img loading=\"lazy\" decoding=\"async\" width=\"1380\" height=\"920\" src=\"https:\/\/meusite.tec.br\/medicina\/wp-content\/uploads\/2024\/06\/high-angle-diabetic-woman-checking-her-glucose-level_23-2150775197.jpg\" class=\"attachment-full size-full wp-image-664\" alt=\"\" srcset=\"https:\/\/meusite.tec.br\/medicina\/wp-content\/uploads\/2024\/06\/high-angle-diabetic-woman-checking-her-glucose-level_23-2150775197.jpg 1380w, https:\/\/meusite.tec.br\/medicina\/wp-content\/uploads\/2024\/06\/high-angle-diabetic-woman-checking-her-glucose-level_23-2150775197-300x200.jpg 300w, https:\/\/meusite.tec.br\/medicina\/wp-content\/uploads\/2024\/06\/high-angle-diabetic-woman-checking-her-glucose-level_23-2150775197-1024x683.jpg 1024w, https:\/\/meusite.tec.br\/medicina\/wp-content\/uploads\/2024\/06\/high-angle-diabetic-woman-checking-her-glucose-level_23-2150775197-768x512.jpg 768w\" sizes=\"(max-width: 1380px) 100vw, 1380px\" \/><\/div><\/a>\n\t\t\t\t<div class=\"elementor-post__badge\">Diabetes<\/div>\n\t\t\t\t<div class=\"elementor-post__text\">\n\t\t\t\t<h3 class=\"elementor-post__title\">\n\t\t\t<a href=\"https:\/\/meusite.tec.br\/medicina\/diabetes\/\" >\n\t\t\t\tDiabetes\t\t\t<\/a>\n\t\t<\/h3>\n\t\t\t\t<div class=\"elementor-post__excerpt\">\n\t\t\t<p>Controle do Diabetes: Qualidade de Vida e Sa\u00fade O diabetes \u00e9 uma condi\u00e7\u00e3o cr\u00f4nica que exige cuidado e acompanhamento constantes. Em nossa cl\u00ednica, oferecemos um<\/p>\n\t\t<\/div>\n\t\t\n\t\t<a class=\"elementor-post__read-more\" href=\"https:\/\/meusite.tec.br\/medicina\/diabetes\/\" aria-label=\"Leia mais sobre Diabetes\" tabindex=\"-1\" >\n\t\t\tLeia mais \u00bb\t\t<\/a>\n\n\t\t\t\t<\/div>\n\t\t\t\t\t<\/div>\n\t\t<\/article>\n\t\t\t\t<article class=\"elementor-post elementor-grid-item post-641 post type-post status-publish format-standard has-post-thumbnail hentry category-emagrecimento\" role=\"listitem\">\n\t\t\t<div class=\"elementor-post__card\">\n\t\t\t\t<a class=\"elementor-post__thumbnail__link\" href=\"https:\/\/meusite.tec.br\/medicina\/emagrecimento\/\" tabindex=\"-1\" ><div class=\"elementor-post__thumbnail\"><img loading=\"lazy\" decoding=\"async\" width=\"1380\" height=\"920\" src=\"https:\/\/meusite.tec.br\/medicina\/wp-content\/uploads\/2024\/06\/front-view-young-female-with-fit-body-shirt-jeans-white-wall_140725-59187.jpg\" class=\"attachment-full size-full wp-image-600\" alt=\"\" srcset=\"https:\/\/meusite.tec.br\/medicina\/wp-content\/uploads\/2024\/06\/front-view-young-female-with-fit-body-shirt-jeans-white-wall_140725-59187.jpg 1380w, https:\/\/meusite.tec.br\/medicina\/wp-content\/uploads\/2024\/06\/front-view-young-female-with-fit-body-shirt-jeans-white-wall_140725-59187-300x200.jpg 300w, https:\/\/meusite.tec.br\/medicina\/wp-content\/uploads\/2024\/06\/front-view-young-female-with-fit-body-shirt-jeans-white-wall_140725-59187-1024x683.jpg 1024w, https:\/\/meusite.tec.br\/medicina\/wp-content\/uploads\/2024\/06\/front-view-young-female-with-fit-body-shirt-jeans-white-wall_140725-59187-768x512.jpg 768w\" sizes=\"(max-width: 1380px) 100vw, 1380px\" \/><\/div><\/a>\n\t\t\t\t<div class=\"elementor-post__badge\">Emagrecimento<\/div>\n\t\t\t\t<div class=\"elementor-post__text\">\n\t\t\t\t<h3 class=\"elementor-post__title\">\n\t\t\t<a href=\"https:\/\/meusite.tec.br\/medicina\/emagrecimento\/\" >\n\t\t\t\tEmagrecimento\t\t\t<\/a>\n\t\t<\/h3>\n\t\t\t\t<div class=\"elementor-post__excerpt\">\n\t\t\t<p>O emagrecimento saud\u00e1vel e sustent\u00e1vel \u00e9 um objetivo que exige acompanhamento m\u00e9dico especializado. Como endocrinologista, posso te ajudar a alcan\u00e7ar seus objetivos de forma individualizada,<\/p>\n\t\t<\/div>\n\t\t\n\t\t<a class=\"elementor-post__read-more\" href=\"https:\/\/meusite.tec.br\/medicina\/emagrecimento\/\" aria-label=\"Leia mais sobre Emagrecimento\" tabindex=\"-1\" >\n\t\t\tLeia mais \u00bb\t\t<\/a>\n\n\t\t\t\t<\/div>\n\t\t\t\t\t<\/div>\n\t\t<\/article>\n\t\t\t\t<\/div>\n\t\t\n\t\t\t\t\t\t<\/div>\n\t\t\t\t<\/div>\n\t\t\t\t<div class=\"elementor-element elementor-element-3ea7835 animated-slow elementor-align-center elementor-invisible elementor-widget elementor-widget-button\" data-id=\"3ea7835\" data-element_type=\"widget\" data-settings=\"{&quot;_animation&quot;:&quot;bounceIn&quot;}\" data-widget_type=\"button.default\">\n\t\t\t\t<div class=\"elementor-widget-container\">\n\t\t\t\t\t\t\t\t\t<div class=\"elementor-button-wrapper\">\n\t\t\t\t\t<a class=\"elementor-button elementor-button-link elementor-size-sm elementor-animation-grow\" href=\"#\">\n\t\t\t\t\t\t<span class=\"elementor-button-content-wrapper\">\n\t\t\t\t\t\t<span class=\"elementor-button-icon\">\n\t\t\t\t<svg aria-hidden=\"true\" class=\"e-font-icon-svg e-fab-whatsapp\" viewBox=\"0 0 448 512\" xmlns=\"http:\/\/www.w3.org\/2000\/svg\"><path d=\"M380.9 97.1C339 55.1 283.2 32 223.9 32c-122.4 0-222 99.6-222 222 0 39.1 10.2 77.3 29.6 111L0 480l117.7-30.9c32.4 17.7 68.9 27 106.1 27h.1c122.3 0 224.1-99.6 224.1-222 0-59.3-25.2-115-67.1-157zm-157 341.6c-33.2 0-65.7-8.9-94-25.7l-6.7-4-69.8 18.3L72 359.2l-4.4-7c-18.5-29.4-28.2-63.3-28.2-98.2 0-101.7 82.8-184.5 184.6-184.5 49.3 0 95.6 19.2 130.4 54.1 34.8 34.9 56.2 81.2 56.1 130.5 0 101.8-84.9 184.6-186.6 184.6zm101.2-138.2c-5.5-2.8-32.8-16.2-37.9-18-5.1-1.9-8.8-2.8-12.5 2.8-3.7 5.6-14.3 18-17.6 21.8-3.2 3.7-6.5 4.2-12 1.4-32.6-16.3-54-29.1-75.5-66-5.7-9.8 5.7-9.1 16.3-30.3 1.8-3.7.9-6.9-.5-9.7-1.4-2.8-12.5-30.1-17.1-41.2-4.5-10.8-9.1-9.3-12.5-9.5-3.2-.2-6.9-.2-10.6-.2-3.7 0-9.7 1.4-14.8 6.9-5.1 5.6-19.4 19-19.4 46.3 0 27.3 19.9 53.7 22.6 57.4 2.8 3.7 39.1 59.7 94.8 83.8 35.2 15.2 49 16.5 66.6 13.9 10.7-1.6 32.8-13.4 37.4-26.4 4.6-13 4.6-24.1 3.2-26.4-1.3-2.5-5-3.9-10.5-6.6z\"><\/path><\/svg>\t\t\t<\/span>\n\t\t\t\t\t\t\t\t\t<span class=\"elementor-button-text\">Agendar Consulta<\/span>\n\t\t\t\t\t<\/span>\n\t\t\t\t\t<\/a>\n\t\t\t\t<\/div>\n\t\t\t\t\t\t\t\t<\/div>\n\t\t\t\t<\/div>\n\t\t\t\t\t<\/div>\n\t\t\t\t<\/div>\n\t\t\t\t<\/div>\n\t\t","protected":false},"excerpt":{"rendered":"<p>Minhas Especialidades em Endocrinologia Alcance seus objetivos de forma saud\u00e1vel e sustent\u00e1vel Agendar Consulta<\/p>\n","protected":false},"author":3,"featured_media":0,"parent":0,"menu_order":0,"comment_status":"closed","ping_status":"closed","template":"elementor_header_footer","meta":{"footnotes":""},"class_list":["post-11","page","type-page","status-publish","hentry"],"_links":{"self":[{"href":"https:\/\/meusite.tec.br\/medicina\/wp-json\/wp\/v2\/pages\/11","targetHints":{"allow":["GET"]}}],"collection":[{"href":"https:\/\/meusite.tec.br\/medicina\/wp-json\/wp\/v2\/pages"}],"about":[{"href":"https:\/\/meusite.tec.br\/medicina\/wp-json\/wp\/v2\/types\/page"}],"author":[{"embeddable":true,"href":"https:\/\/meusite.tec.br\/medicina\/wp-json\/wp\/v2\/users\/3"}],"replies":[{"embeddable":true,"href":"https:\/\/meusite.tec.br\/medicina\/wp-json\/wp\/v2\/comments?post=11"}],"version-history":[{"count":50,"href":"https:\/\/meusite.tec.br\/medicina\/wp-json\/wp\/v2\/pages\/11\/revisions"}],"predecessor-version":[{"id":1408,"href":"https:\/\/meusite.tec.br\/medicina\/wp-json\/wp\/v2\/pages\/11\/revisions\/1408"}],"wp:attachment":[{"href":"https:\/\/meusite.tec.br\/medicina\/wp-json\/wp\/v2\/media?parent=11"}],"curies":[{"name":"wp","href":"https:\/\/api.w.org\/{rel}","templated":true}]}}